

{"id":909,"date":"2018-03-22T14:26:56","date_gmt":"2018-03-22T13:26:56","guid":{"rendered":"http:\/\/serviskomunalni.cz\/?page_id=909"},"modified":"2021-10-17T18:20:50","modified_gmt":"2021-10-17T17:20:50","slug":"sberny-dvur-brno-sever-ulice-utechovska","status":"publish","type":"page","link":"https:\/\/serviskomunalni.cz\/?page_id=909","title":{"rendered":"Sb\u011brn\u00fd dv\u016fr Brno &#8211; sever, ulice \u00dat\u011bchovsk\u00e1"},"content":{"rendered":"\n<figure class=\"wp-block-image\"><a href=\"https:\/\/serviskomunalni.cz\/?page_id=3592\"><img loading=\"lazy\" decoding=\"async\" width=\"537\" height=\"156\" src=\"https:\/\/serviskomunalni.cz\/wp-content\/uploads\/2021\/10\/poz\u016fstalost.png\" alt=\"\" class=\"wp-image-3593\" srcset=\"https:\/\/serviskomunalni.cz\/wp-content\/uploads\/2021\/10\/poz\u016fstalost.png 537w, https:\/\/serviskomunalni.cz\/wp-content\/uploads\/2021\/10\/poz\u016fstalost-300x87.png 300w\" sizes=\"auto, (max-width: 537px) 100vw, 537px\" \/><\/a><\/figure>\n\n\n\n<p>Telefonn\u00ed \u010d\u00edslo do sb\u011brn\u00e9ho dvora: <strong><a href=\"https:\/\/serviskomunalni.cz\/?page_id=3091\">klikni zde<\/a><\/strong><\/p>\n\n\n<table>\n<tbody>\n<tr>\n<td width=\"302\"><strong>Um\u00edst\u011bn\u00ed sb\u011brn\u00e9ho dvora, \u00dat\u011bchovsk\u00e1, Brno na map\u011b:<iframe loading=\"lazy\" width=\"400\" height=\"280\" src=\"https:\/\/api.mapy.cz\/frame?params=%7B%22x%22%3A16.616134643554688%2C%22y%22%3A49.247528076171875%2C%22base%22%3A%223%22%2C%22layers%22%3A%5B4%5D%2C%22zoom%22%3A19%2C%22url%22%3A%22https%3A%2F%2Fmapy.cz%2Fs%2F2ugg3%22%2C%22mark%22%3A%7B%22x%22%3A%2216.616134643554688%22%2C%22y%22%3A%2249.247528076171875%22%2C%22title%22%3A%22SAKO%20Brno%2C%20a.s.%22%7D%2C%22overview%22%3Afalse%7D&amp;width=400&amp;height=280&amp;lang=cs\" frameborder=\"0\" style=\"border: none;\"><\/iframe><\/strong><p><\/p>\n<p><\/p>\n<p><\/p>\n<h1><strong>Seznam odeb\u00edran\u00e9ho odpadu:<\/strong><\/h1>\n<\/td>\n<td width=\"302\"><strong>Provozn\u00ed doba sb\u011brn\u00e9ho dvora:<\/strong><p><\/p>\n<p><\/p>\n<p><\/p>\n<table>\n<tbody>\n<tr class=\"today\">\n<td>Pond\u011bl\u00ed<\/td>\n<td>zav\u0159eno<\/td>\n<\/tr>\n<tr>\n<td>\u00dater\u00fd<\/td>\n<td>9:00\u201313:00&nbsp;&nbsp;&nbsp; 14:00\u201318:00<\/td>\n<\/tr>\n<tr>\n<td>St\u0159eda<\/td>\n<td>9:00\u201313:00&nbsp;&nbsp;&nbsp; 14:00\u201318:00<\/td>\n<\/tr>\n<tr>\n<td>\u010ctvrtek<\/td>\n<td>9:00\u201313:00&nbsp;&nbsp;&nbsp; 14:00\u201318:00<\/td>\n<\/tr>\n<tr>\n<td>P\u00e1tek<\/td>\n<td>9:00\u201313:00&nbsp;&nbsp;&nbsp; 14:00\u201318:00<\/td>\n<\/tr>\n<tr>\n<td>Sobota<\/td>\n<td>9.00\u201313:00&nbsp;&nbsp;&nbsp; 14:00\u201318:00<\/td>\n<\/tr>\n<tr>\n<td>Ned\u011ble<\/td>\n<td>zav\u0159eno<\/td>\n<\/tr>\n<\/tbody>\n<\/table>\n<\/td>\n<\/tr>\n<\/tbody>\n<\/table>\n<ul>\n<li>Pap\u00edr a lepenka<\/li>\n<li>Plasty (PET lahve, polystyren)<\/li>\n<li>N\u00e1pojov\u00e9 kartony (nap\u0159. tetrapack)<\/li>\n<li>Hlin\u00edkov\u00e9 obaly (plechovky, v\u00ed\u010dka a obaly od pochutin)<\/li>\n<li>Sklo (\u010dir\u00e9, barevn\u00e9, objemn\u00e9)<\/li>\n<li>Textil \u010dist\u00fd (od\u011bvy, bytov\u00fd textil)<\/li>\n<li>Textil zne\u010di\u0161t\u011bn\u00fd nebezpe\u010dn\u00fdmi l\u00e1tkami (\u010dist\u00edc\u00ed tkaniny a ochrann\u00e9 od\u011bvy)<\/li>\n<li>Kovy<\/li>\n<li>Biologick\u00fd odpad rostlinn\u00e9ho p\u016fvodu ze zahrad a dom\u00e1cnost\u00ed<\/li>\n<li>Rostlinn\u00e9 oleje z dom\u00e1cnost\u00ed &#8211; <span class=\"odpad_poznamka\">(odevzd\u00e1vat v uzav\u0159en\u00e9 n\u00e1dob\u011b)<\/span><\/li>\n<li>Objemn\u00fd odpad (nap\u0159. n\u00e1bytek, podlahov\u00e9 krytiny, textiln\u00ed v\u00fdrobky, matrace, d\u0159evo)<\/li>\n<li>Z\u00e1\u0159ivky a \u00fasporky<\/li>\n<li>Autobaterie, mono\u010dl\u00e1nky, akumul\u00e1tory<\/li>\n<li>Vyslou\u017eil\u00e9 elektrospot\u0159ebi\u010de (nap\u0159. TV, PC, DVD a video, chlazen\u00ed, my\u010dky, su\u0161i\u010dky, pra\u010dky, el. spor\u00e1ky, drobn\u00e9 dom\u00e1c\u00ed spot\u0159ebi\u010de z kuchyn\u011b, d\u00edlny, zahrady, atd.)<\/li>\n<li>Nebezpe\u010dn\u00e9 odpady (nap\u0159. barvy, oleje, kyseliny, z\u00e1sady, rozpou\u0161t\u011bdla, pesticidy)<\/li>\n<li>BYTOV\u00c1 J\u00c1DRA, AZBEST, ETERNIT, S\u00c1DROKARTON lze za poplatek odevzdat na sb\u011brn\u00e9m dvo\u0159e ASTV, L\u00ed\u0161e\u0148sk\u00e1 35<\/li>\n<\/ul>","protected":false},"excerpt":{"rendered":"<p>Telefonn\u00ed \u010d\u00edslo do sb\u011brn\u00e9ho dvora: klikni zde Um\u00edst\u011bn\u00ed sb\u011brn\u00e9ho dvora, \u00dat\u011bchovsk\u00e1, Brno na map\u011b: Seznam odeb\u00edran\u00e9ho odpadu: Provozn\u00ed doba sb\u011brn\u00e9ho dvora: Pond\u011bl\u00ed zav\u0159eno \u00dater\u00fd 9:00\u201313:00&nbsp;&nbsp;&nbsp; 14:00\u201318:00 St\u0159eda 9:00\u201313:00&nbsp;&nbsp;&nbsp; 14:00\u201318:00 \u010ctvrtek 9:00\u201313:00&nbsp;&nbsp;&nbsp; 14:00\u201318:00 P\u00e1tek 9:00\u201313:00&nbsp;&nbsp;&nbsp; 14:00\u201318:00 Sobota 9.00\u201313:00&nbsp;&nbsp;&nbsp; 14:00\u201318:00 Ned\u011ble zav\u0159eno Pap\u00edr a lepenka Plasty (PET lahve, polystyren) N\u00e1pojov\u00e9 kartony (nap\u0159. tetrapack) Hlin\u00edkov\u00e9 obaly (plechovky, v\u00ed\u010dka &hellip;<br \/><a href=\"https:\/\/serviskomunalni.cz\/?page_id=909\" class=\"more-link pen_button pen_element_default pen_icon_arrow_double\">Pokra\u010dovat ve\u00a0\u010dten\u00ed <span class=\"screen-reader-text\">Sb\u011brn\u00fd dv\u016fr Brno &#8211; sever, ulice \u00dat\u011bchovsk\u00e1<\/span><\/a><\/p>\n","protected":false},"author":1,"featured_media":0,"parent":0,"menu_order":0,"comment_status":"closed","ping_status":"closed","template":"","meta":{"footnotes":""},"class_list":["post-909","page","type-page","status-publish","hentry"],"_links":{"self":[{"href":"https:\/\/serviskomunalni.cz\/index.php?rest_route=\/wp\/v2\/pages\/909","targetHints":{"allow":["GET"]}}],"collection":[{"href":"https:\/\/serviskomunalni.cz\/index.php?rest_route=\/wp\/v2\/pages"}],"about":[{"href":"https:\/\/serviskomunalni.cz\/index.php?rest_route=\/wp\/v2\/types\/page"}],"author":[{"embeddable":true,"href":"https:\/\/serviskomunalni.cz\/index.php?rest_route=\/wp\/v2\/users\/1"}],"replies":[{"embeddable":true,"href":"https:\/\/serviskomunalni.cz\/index.php?rest_route=%2Fwp%2Fv2%2Fcomments&post=909"}],"version-history":[{"count":7,"href":"https:\/\/serviskomunalni.cz\/index.php?rest_route=\/wp\/v2\/pages\/909\/revisions"}],"predecessor-version":[{"id":3675,"href":"https:\/\/serviskomunalni.cz\/index.php?rest_route=\/wp\/v2\/pages\/909\/revisions\/3675"}],"wp:attachment":[{"href":"https:\/\/serviskomunalni.cz\/index.php?rest_route=%2Fwp%2Fv2%2Fmedia&parent=909"}],"curies":[{"name":"wp","href":"https:\/\/api.w.org\/{rel}","templated":true}]}}