

{"id":3855,"date":"2022-02-14T12:25:54","date_gmt":"2022-02-14T11:25:54","guid":{"rendered":"http:\/\/serviskomunalni.cz\/?page_id=3855"},"modified":"2022-02-14T12:25:54","modified_gmt":"2022-02-14T11:25:54","slug":"umyvadla","status":"publish","type":"page","link":"https:\/\/serviskomunalni.cz\/?page_id=3855","title":{"rendered":"Umyvadla"},"content":{"rendered":"\n<p>Prod\u00e1m umyvadla &#8211; pou\u017eit\u00e1, zachoval\u00e1, r\u016fzn\u00e9 velikosti a r\u016fzn\u00e9 druhy. Cena 300 K\u010d. Telefon 602504964<\/p>\n\n\n\n<figure class=\"wp-block-image\"><img loading=\"lazy\" decoding=\"async\" width=\"750\" height=\"1000\" src=\"https:\/\/serviskomunalni.cz\/wp-content\/uploads\/2022\/02\/umyvadlo1.jpg\" alt=\"\" class=\"wp-image-3856\" srcset=\"https:\/\/serviskomunalni.cz\/wp-content\/uploads\/2022\/02\/umyvadlo1.jpg 750w, https:\/\/serviskomunalni.cz\/wp-content\/uploads\/2022\/02\/umyvadlo1-225x300.jpg 225w\" sizes=\"auto, (max-width: 750px) 100vw, 750px\" \/><\/figure>\n\n\n\n<figure class=\"wp-block-image\"><img loading=\"lazy\" decoding=\"async\" width=\"750\" height=\"1000\" src=\"https:\/\/serviskomunalni.cz\/wp-content\/uploads\/2022\/02\/Umyvadlo.jpg\" alt=\"\" class=\"wp-image-3857\" srcset=\"https:\/\/serviskomunalni.cz\/wp-content\/uploads\/2022\/02\/Umyvadlo.jpg 750w, https:\/\/serviskomunalni.cz\/wp-content\/uploads\/2022\/02\/Umyvadlo-225x300.jpg 225w\" sizes=\"auto, (max-width: 750px) 100vw, 750px\" \/><\/figure>\n","protected":false},"excerpt":{"rendered":"<p>Prod\u00e1m umyvadla &#8211; pou\u017eit\u00e1, zachoval\u00e1, r\u016fzn\u00e9 velikosti a r\u016fzn\u00e9 druhy. Cena 300 K\u010d. Telefon 602504964<\/p>\n","protected":false},"author":1,"featured_media":0,"parent":0,"menu_order":0,"comment_status":"closed","ping_status":"closed","template":"","meta":{"footnotes":""},"class_list":["post-3855","page","type-page","status-publish","hentry"],"_links":{"self":[{"href":"https:\/\/serviskomunalni.cz\/index.php?rest_route=\/wp\/v2\/pages\/3855","targetHints":{"allow":["GET"]}}],"collection":[{"href":"https:\/\/serviskomunalni.cz\/index.php?rest_route=\/wp\/v2\/pages"}],"about":[{"href":"https:\/\/serviskomunalni.cz\/index.php?rest_route=\/wp\/v2\/types\/page"}],"author":[{"embeddable":true,"href":"https:\/\/serviskomunalni.cz\/index.php?rest_route=\/wp\/v2\/users\/1"}],"replies":[{"embeddable":true,"href":"https:\/\/serviskomunalni.cz\/index.php?rest_route=%2Fwp%2Fv2%2Fcomments&post=3855"}],"version-history":[{"count":1,"href":"https:\/\/serviskomunalni.cz\/index.php?rest_route=\/wp\/v2\/pages\/3855\/revisions"}],"predecessor-version":[{"id":3859,"href":"https:\/\/serviskomunalni.cz\/index.php?rest_route=\/wp\/v2\/pages\/3855\/revisions\/3859"}],"wp:attachment":[{"href":"https:\/\/serviskomunalni.cz\/index.php?rest_route=%2Fwp%2Fv2%2Fmedia&parent=3855"}],"curies":[{"name":"wp","href":"https:\/\/api.w.org\/{rel}","templated":true}]}}