

{"id":3091,"date":"2021-01-05T12:33:08","date_gmt":"2021-01-05T11:33:08","guid":{"rendered":"http:\/\/serviskomunalni.cz\/?page_id=3091"},"modified":"2021-10-20T18:27:29","modified_gmt":"2021-10-20T17:27:29","slug":"telefonni-cislo-sberny-dvur-brno-sever-ulice-utechovska","status":"publish","type":"page","link":"https:\/\/serviskomunalni.cz\/?page_id=3091","title":{"rendered":"Telefonn\u00ed \u010d\u00edslo sb\u011brn\u00fd dv\u016fr Brno &#8211; sever, ulice \u00dat\u011bchovsk\u00e1"},"content":{"rendered":"\n<p class=\"has-background has-large-font-size has-light-green-cyan-background-color\"><strong>Telefonn\u00ed \u010d\u00edslo do sb\u011brn\u00e9ho dvora: +420 720 236 634<\/strong><\/p>\n\n\n\n<figure class=\"wp-block-image\"><a href=\"https:\/\/serviskomunalni.cz\/?page_id=3592\"><img loading=\"lazy\" decoding=\"async\" width=\"537\" height=\"156\" src=\"https:\/\/serviskomunalni.cz\/wp-content\/uploads\/2021\/10\/poz\u016fstalost.png\" alt=\"\" class=\"wp-image-3593\" srcset=\"https:\/\/serviskomunalni.cz\/wp-content\/uploads\/2021\/10\/poz\u016fstalost.png 537w, https:\/\/serviskomunalni.cz\/wp-content\/uploads\/2021\/10\/poz\u016fstalost-300x87.png 300w\" sizes=\"auto, (max-width: 537px) 100vw, 537px\" \/><\/a><\/figure>\n","protected":false},"excerpt":{"rendered":"<p>Telefonn\u00ed \u010d\u00edslo do sb\u011brn\u00e9ho dvora: +420 720 236 634<\/p>\n","protected":false},"author":1,"featured_media":0,"parent":0,"menu_order":0,"comment_status":"closed","ping_status":"closed","template":"","meta":{"footnotes":""},"class_list":["post-3091","page","type-page","status-publish","hentry"],"_links":{"self":[{"href":"https:\/\/serviskomunalni.cz\/index.php?rest_route=\/wp\/v2\/pages\/3091","targetHints":{"allow":["GET"]}}],"collection":[{"href":"https:\/\/serviskomunalni.cz\/index.php?rest_route=\/wp\/v2\/pages"}],"about":[{"href":"https:\/\/serviskomunalni.cz\/index.php?rest_route=\/wp\/v2\/types\/page"}],"author":[{"embeddable":true,"href":"https:\/\/serviskomunalni.cz\/index.php?rest_route=\/wp\/v2\/users\/1"}],"replies":[{"embeddable":true,"href":"https:\/\/serviskomunalni.cz\/index.php?rest_route=%2Fwp%2Fv2%2Fcomments&post=3091"}],"version-history":[{"count":2,"href":"https:\/\/serviskomunalni.cz\/index.php?rest_route=\/wp\/v2\/pages\/3091\/revisions"}],"predecessor-version":[{"id":3754,"href":"https:\/\/serviskomunalni.cz\/index.php?rest_route=\/wp\/v2\/pages\/3091\/revisions\/3754"}],"wp:attachment":[{"href":"https:\/\/serviskomunalni.cz\/index.php?rest_route=%2Fwp%2Fv2%2Fmedia&parent=3091"}],"curies":[{"name":"wp","href":"https:\/\/api.w.org\/{rel}","templated":true}]}}