

{"id":29,"date":"2016-06-27T19:54:36","date_gmt":"2016-06-27T18:54:36","guid":{"rendered":"http:\/\/serviskomunalni.cz\/?page_id=29"},"modified":"2026-01-11T17:05:55","modified_gmt":"2026-01-11T16:05:55","slug":"zahradnicke-prace","status":"publish","type":"page","link":"https:\/\/serviskomunalni.cz\/?page_id=29","title":{"rendered":"Zahradnick\u00e9 a sada\u0159sk\u00e9 pr\u00e1ce"},"content":{"rendered":"<div class=\"n2_clear\"><ss3-force-full-width data-overflow-x=\"body\" data-horizontal-selector=\".entry-content\"><div class=\"n2-section-smartslider fitvidsignore  n2_clear\" data-ssid=\"3\" tabindex=\"0\" role=\"region\" aria-label=\"Slider\"><div id=\"n2-ss-3-align\" class=\"n2-ss-align\"><div class=\"n2-padding\"><div id=\"n2-ss-3\" data-creator=\"Smart Slider 3\" data-responsive=\"fullwidth\" class=\"n2-ss-slider n2-ow n2-has-hover n2notransition  \">\n\n\n\n<div class=\"n2-ss-slider-wrapper-outside\" style=\"grid-template-rows:1fr auto\"><div class=\"n2-ss-slider-wrapper-inside\">\n        <div class=\"n2-ss-slider-1 n2_ss__touch_element n2-ow\">\n            <div class=\"n2-ss-slider-2 n2-ow\">\n                                                <div class=\"n2-ss-slider-3 n2-ow\">\n\n                    <div class=\"n2-ss-slide-backgrounds n2-ow-all\"><div class=\"n2-ss-slide-background\" data-public-id=\"1\" data-mode=\"fill\" aria-hidden=\"true\"><div class=\"n2-ss-slide-background-image\" data-blur=\"0\" data-opacity=\"100\" data-x=\"50\" data-y=\"50\" data-alt=\"\" data-title=\"\"><picture class=\"skip-lazy\" data-skip-lazy=\"1\"><img decoding=\"async\" src=\"\/\/serviskomunalni.cz\/wp-content\/uploads\/slider\/cache\/d1547e8909d0c4d8c3ae99ba66597060\/DJI_0109-scaled.jpg\" alt=\"\" title=\"\" loading=\"lazy\" class=\"skip-lazy\" data-skip-lazy=\"1\"><\/picture><\/div><div data-color=\"RGBA(255,255,255,0)\" style=\"background-color: RGBA(255,255,255,0);\" class=\"n2-ss-slide-background-color\"><\/div><\/div><div class=\"n2-ss-slide-background\" data-public-id=\"2\" data-mode=\"fill\"><div class=\"n2-ss-slide-background-image\" data-blur=\"0\" data-opacity=\"100\" data-x=\"50\" data-y=\"50\" data-alt=\"slide 1\" data-title=\"\"><picture class=\"skip-lazy\" data-skip-lazy=\"1\"><img decoding=\"async\" src=\"\/\/serviskomunalni.cz\/wp-content\/uploads\/slider\/cache\/adf2790a11c25d55ecb2d6be093f5fd5\/DJI_0110-scaled.jpg\" alt=\"slide 1\" title=\"\" loading=\"lazy\" class=\"skip-lazy\" data-skip-lazy=\"1\"><\/picture><\/div><div data-color=\"RGBA(255,255,255,0)\" style=\"background-color: RGBA(255,255,255,0);\" class=\"n2-ss-slide-background-color\"><\/div><\/div><div class=\"n2-ss-slide-background\" data-public-id=\"3\" data-mode=\"fill\" aria-hidden=\"true\"><div class=\"n2-ss-slide-background-image\" data-blur=\"0\" data-opacity=\"100\" data-x=\"50\" data-y=\"50\" data-alt=\"\" data-title=\"\"><picture class=\"skip-lazy\" data-skip-lazy=\"1\"><img decoding=\"async\" src=\"\/\/serviskomunalni.cz\/wp-content\/uploads\/slider\/cache\/bfc921f903990ebcfa63fffbf1904b11\/DJI_0108-scaled.jpg\" alt=\"\" title=\"\" loading=\"lazy\" class=\"skip-lazy\" data-skip-lazy=\"1\"><\/picture><\/div><div data-color=\"RGBA(255,255,255,0)\" style=\"background-color: RGBA(255,255,255,0);\" class=\"n2-ss-slide-background-color\"><\/div><\/div><\/div>                    <div class=\"n2-ss-slider-4 n2-ow\">\n                        <svg xmlns=\"http:\/\/www.w3.org\/2000\/svg\" viewBox=\"0 0 1000 350\" data-related-device=\"desktopPortrait\" class=\"n2-ow n2-ss-preserve-size n2-ss-preserve-size--slider n2-ss-slide-limiter\"><\/svg><div data-slide-duration=\"0\" data-id=\"7\" data-slide-public-id=\"1\" aria-hidden=\"true\" data-title=\"Image Slide 1\" class=\"n2-ss-slide n2-ow  n2-ss-slide-7\"><div role=\"note\" class=\"n2-ss-slide--focus\" tabindex=\"-1\">Image Slide 1<\/div><div class=\"n2-ss-layers-container n2-ss-slide-limiter n2-ow\"><div class=\"n2-ss-layer n2-ow n-uc-v1qblb2rwUpL\" data-sstype=\"slide\" data-pm=\"default\"><div class=\"n2-ss-layer n2-ow n-uc-1ac6423bc1692\" data-pm=\"default\" data-sstype=\"content\" data-hasbackground=\"0\"><div class=\"n2-ss-section-main-content n2-ss-layer-with-background n2-ss-layer-content n2-ow n-uc-1ac6423bc1692-inner\"><div class=\"n2-ss-layer n2-ow n-uc-TMbdrjl4Zq1b n2-ss-layer--auto\" data-pm=\"normal\" data-sstype=\"layer\"><div id=\"n2-ss-3item1\" class=\"n2-font-28bee13f3574d7032d767f09f9d8ee11-hover n2-style-f04cc1cbb7e5d123678bfad3a191fa78-heading   n2-ss-item-content n2-ss-text n2-ow\" style=\"display:inline-block;\">SAD<\/div><\/div><\/div><\/div><\/div><\/div><\/div><div data-first=\"1\" data-slide-duration=\"0\" data-id=\"6\" data-slide-public-id=\"2\" data-title=\"Image Slide 2\" class=\"n2-ss-slide n2-ow  n2-ss-slide-6\"><div role=\"note\" class=\"n2-ss-slide--focus\" tabindex=\"-1\">Image Slide 2<\/div><div class=\"n2-ss-layers-container n2-ss-slide-limiter n2-ow\"><div class=\"n2-ss-layer n2-ow n-uc-szvVrvrMG6Ga\" data-sstype=\"slide\" data-pm=\"default\"><div class=\"n2-ss-layer n2-ow n-uc-1beb93a18130d\" data-pm=\"default\" data-sstype=\"content\" data-hasbackground=\"0\"><div class=\"n2-ss-section-main-content n2-ss-layer-with-background n2-ss-layer-content n2-ow n-uc-1beb93a18130d-inner\"><div class=\"n2-ss-layer n2-ow n-uc-0jkNy3a1rLEq n2-ss-layer--auto\" data-pm=\"normal\" data-sstype=\"layer\"><div id=\"n2-ss-3item2\" class=\"n2-font-28bee13f3574d7032d767f09f9d8ee11-hover n2-style-f04cc1cbb7e5d123678bfad3a191fa78-heading   n2-ss-item-content n2-ss-text n2-ow\" style=\"display:inline-block;\">\u00dadr\u017eba a v\u00fdsadba sadu (k.\u00fa. Lou\u010dky u Z\u00e1toru<\/div><\/div><\/div><\/div><\/div><\/div><\/div><div data-slide-duration=\"0\" data-id=\"8\" data-slide-public-id=\"3\" aria-hidden=\"true\" data-title=\"Image Slide 3\" class=\"n2-ss-slide n2-ow  n2-ss-slide-8\"><div role=\"note\" class=\"n2-ss-slide--focus\" tabindex=\"-1\">Image Slide 3<\/div><div class=\"n2-ss-layers-container n2-ss-slide-limiter n2-ow\"><div class=\"n2-ss-layer n2-ow n-uc-ekEAoSC1d0mz\" data-sstype=\"slide\" data-pm=\"default\"><div class=\"n2-ss-layer n2-ow n-uc-149c70d29868d\" data-pm=\"default\" data-sstype=\"content\" data-hasbackground=\"0\"><div class=\"n2-ss-section-main-content n2-ss-layer-with-background n2-ss-layer-content n2-ow n-uc-149c70d29868d-inner\"><div class=\"n2-ss-layer n2-ow n-uc-yEsjkAR8fccc n2-ss-layer--auto\" data-pm=\"normal\" data-sstype=\"layer\"><div id=\"n2-ss-3item3\" class=\"n2-font-28bee13f3574d7032d767f09f9d8ee11-hover n2-style-f04cc1cbb7e5d123678bfad3a191fa78-heading   n2-ss-item-content n2-ss-text n2-ow\" style=\"display:inline-block;\">SAD<\/div><\/div><\/div><\/div><\/div><\/div><\/div>                    <\/div>\n\n                                    <\/div>\n            <\/div>\n        <\/div>\n        <div class=\"n2-ss-slider-controls n2-ss-slider-controls-absolute-left-center\"><div style=\"--widget-offset:15px;\" class=\"n2-ss-widget nextend-arrow n2-ow-all nextend-arrow-previous  nextend-arrow-animated-fade\" id=\"n2-ss-3-arrow-previous\" role=\"button\" aria-label=\"previous arrow\" tabindex=\"0\"><img loading=\"lazy\" decoding=\"async\" width=\"32\" height=\"32\" class=\"n2-arrow-normal-img skip-lazy\" data-skip-lazy=\"1\" src=\"data:image\/svg+xml;base64,PHN2ZyB3aWR0aD0iMzIiIGhlaWdodD0iMzIiIHZpZXdCb3g9IjAgMCAzMiAzMiIgeG1sbnM9Imh0dHA6Ly93d3cudzMub3JnLzIwMDAvc3ZnIj4KICAgIDxwYXRoIGQ9Ik0xMS40MzMgMTUuOTkyTDIyLjY5IDUuNzEyYy4zOTMtLjM5LjM5My0xLjAzIDAtMS40Mi0uMzkzLS4zOS0xLjAzLS4zOS0xLjQyMyAwbC0xMS45OCAxMC45NGMtLjIxLjIxLS4zLjQ5LS4yODUuNzYtLjAxNS4yOC4wNzUuNTYuMjg0Ljc3bDExLjk4IDEwLjk0Yy4zOTMuMzkgMS4wMy4zOSAxLjQyNCAwIC4zOTMtLjQuMzkzLTEuMDMgMC0xLjQybC0xMS4yNTctMTAuMjkiCiAgICAgICAgICBmaWxsPSIjZmZmZmZmIiBvcGFjaXR5PSIwLjgiIGZpbGwtcnVsZT0iZXZlbm9kZCIvPgo8L3N2Zz4=\" alt=\"previous arrow\"><img loading=\"lazy\" decoding=\"async\" width=\"32\" height=\"32\" class=\"n2-arrow-hover-img skip-lazy\" data-skip-lazy=\"1\" src=\"data:image\/svg+xml;base64,PHN2ZyB3aWR0aD0iMzIiIGhlaWdodD0iMzIiIHZpZXdCb3g9IjAgMCAzMiAzMiIgeG1sbnM9Imh0dHA6Ly93d3cudzMub3JnLzIwMDAvc3ZnIj4KICAgIDxwYXRoIGQ9Ik0xMS40MzMgMTUuOTkyTDIyLjY5IDUuNzEyYy4zOTMtLjM5LjM5My0xLjAzIDAtMS40Mi0uMzkzLS4zOS0xLjAzLS4zOS0xLjQyMyAwbC0xMS45OCAxMC45NGMtLjIxLjIxLS4zLjQ5LS4yODUuNzYtLjAxNS4yOC4wNzUuNTYuMjg0Ljc3bDExLjk4IDEwLjk0Yy4zOTMuMzkgMS4wMy4zOSAxLjQyNCAwIC4zOTMtLjQuMzkzLTEuMDMgMC0xLjQybC0xMS4yNTctMTAuMjkiCiAgICAgICAgICBmaWxsPSIjZmZmZmZmIiBvcGFjaXR5PSIxIiBmaWxsLXJ1bGU9ImV2ZW5vZGQiLz4KPC9zdmc+\" alt=\"previous arrow\"><\/div><\/div><div class=\"n2-ss-slider-controls n2-ss-slider-controls-absolute-right-center\"><div style=\"--widget-offset:15px;\" class=\"n2-ss-widget nextend-arrow n2-ow-all nextend-arrow-next  nextend-arrow-animated-fade\" id=\"n2-ss-3-arrow-next\" role=\"button\" aria-label=\"next arrow\" tabindex=\"0\"><img loading=\"lazy\" decoding=\"async\" width=\"32\" height=\"32\" class=\"n2-arrow-normal-img skip-lazy\" data-skip-lazy=\"1\" src=\"data:image\/svg+xml;base64,PHN2ZyB3aWR0aD0iMzIiIGhlaWdodD0iMzIiIHZpZXdCb3g9IjAgMCAzMiAzMiIgeG1sbnM9Imh0dHA6Ly93d3cudzMub3JnLzIwMDAvc3ZnIj4KICAgIDxwYXRoIGQ9Ik0xMC43MjIgNC4yOTNjLS4zOTQtLjM5LTEuMDMyLS4zOS0xLjQyNyAwLS4zOTMuMzktLjM5MyAxLjAzIDAgMS40MmwxMS4yODMgMTAuMjgtMTEuMjgzIDEwLjI5Yy0uMzkzLjM5LS4zOTMgMS4wMiAwIDEuNDIuMzk1LjM5IDEuMDMzLjM5IDEuNDI3IDBsMTIuMDA3LTEwLjk0Yy4yMS0uMjEuMy0uNDkuMjg0LS43Ny4wMTQtLjI3LS4wNzYtLjU1LS4yODYtLjc2TDEwLjcyIDQuMjkzeiIKICAgICAgICAgIGZpbGw9IiNmZmZmZmYiIG9wYWNpdHk9IjAuOCIgZmlsbC1ydWxlPSJldmVub2RkIi8+Cjwvc3ZnPg==\" alt=\"next arrow\"><img loading=\"lazy\" decoding=\"async\" width=\"32\" height=\"32\" class=\"n2-arrow-hover-img skip-lazy\" data-skip-lazy=\"1\" src=\"data:image\/svg+xml;base64,PHN2ZyB3aWR0aD0iMzIiIGhlaWdodD0iMzIiIHZpZXdCb3g9IjAgMCAzMiAzMiIgeG1sbnM9Imh0dHA6Ly93d3cudzMub3JnLzIwMDAvc3ZnIj4KICAgIDxwYXRoIGQ9Ik0xMC43MjIgNC4yOTNjLS4zOTQtLjM5LTEuMDMyLS4zOS0xLjQyNyAwLS4zOTMuMzktLjM5MyAxLjAzIDAgMS40MmwxMS4yODMgMTAuMjgtMTEuMjgzIDEwLjI5Yy0uMzkzLjM5LS4zOTMgMS4wMiAwIDEuNDIuMzk1LjM5IDEuMDMzLjM5IDEuNDI3IDBsMTIuMDA3LTEwLjk0Yy4yMS0uMjEuMy0uNDkuMjg0LS43Ny4wMTQtLjI3LS4wNzYtLjU1LS4yODYtLjc2TDEwLjcyIDQuMjkzeiIKICAgICAgICAgIGZpbGw9IiNmZmZmZmYiIG9wYWNpdHk9IjEiIGZpbGwtcnVsZT0iZXZlbm9kZCIvPgo8L3N2Zz4=\" alt=\"next arrow\"><\/div><\/div><div class=\"n2-ss-slider-controls n2-ss-slider-controls-absolute-center-bottom\"><div style=\"--widget-offset:10px;\" class=\"n2-ss-widget n2-ss-control-bullet n2-ow-all n2-ss-control-bullet-horizontal\"><div class=\" nextend-bullet-bar n2-bar-justify-content-center\" role=\"group\" aria-label=\"Choose slide to display.\"><div class=\"n2-bullet n2-style-13586a9834f840c6e3b0e8ac4aa4b69c-dot \" style=\"visibility:hidden;\"><\/div><\/div><\/div><\/div><\/div><div class=\"n2-ss-slider-controls n2-ss-slider-controls-below\"><div class=\"n2-ss-widget nextend-shadow n2-ow-all\"><img decoding=\"async\" width=\"1120\" height=\"50\" style=\"display: block; width:100%;max-width:none;\" class=\"nextend-shadow-image skip-lazy\" loading=\"lazy\" data-skip-lazy=\"1\" src=\"https:\/\/serviskomunalni.cz\/wp-content\/plugins\/smart-slider-3\/Public\/SmartSlider3\/Widget\/Shadow\/ShadowImage\/Assets\/shadow\/dark.png\" alt=\"Shadow\"><\/div><\/div><\/div><\/div><ss3-loader><\/ss3-loader><\/div><\/div><div class=\"n2_clear\"><\/div><\/div><\/ss3-force-full-width><\/div>\n\n\n<p class=\"has-large-font-size\"><strong>Telefon: 602 504 964<\/strong><\/p>\n\n\n<p style=\"text-align: justify;\"><span style=\"font-size: x-large;\">Ka\u017ed\u00e1 zahr\u00e1dka nebo sad\u00a0v pr\u016fb\u011bhu roku pot\u0159ebuje \u00fadr\u017ebu. Zbavujeme plochy plevele, prov\u00e1d\u00edme v\u00fdsadby okrasn\u00fdch i ovocn\u00fdch d\u0159evin.<\/span><\/p>\n<p style=\"text-align: justify;\"><span style=\"font-size: x-large;\">P\u0159i v\u00fdsadb\u011b odborn\u011b ovocn\u00fd stromek zasad\u00edme, zatlu\u010deme d\u0159ev\u011bnou oporu a oplot\u00edme oplocenkou proti okusu. Jsme schopni dodat ovocn\u00fd stromek dle Va\u0161ich po\u017eadavk\u016f, kter\u00fd respektuje i dan\u00e9 m\u00edsto, kde m\u00e1 b\u00fdt v\u00fdsadba provedena. Prov\u00e1d\u00edme<\/span><span style=\"font-size: x-large;\"> odborn\u00fd o\u0159ez ovocn\u00fdch stromk\u016f, p\u0159\u00edpadn\u011b o\u0161et\u0159it stromy napaden\u00fdmi \u0161k\u016fdci.<\/span><\/p>\n<p style=\"text-align: justify;\"><span style=\"font-size: x-large;\">Prov\u00e1d\u00edme v\u00fdsadbu ovocn\u00fdch sad\u016f. Ceny budou stanoveny podle konkr\u00e9tn\u00edch po\u017eadavk\u016f z\u00e1kazn\u00edk\u016f. <a href=\"https:\/\/serviskomunalni.cz\/?page_id=293\">Modelov\u00fd postup pro v\u00fdsadbu sad\u016f naleznete zde.<\/a> V p\u0159\u00edpad\u011b hospoda\u0159en\u00ed v sadech je mo\u017en\u00e9 vyu\u017e\u00edt zem\u011bd\u011blsk\u00e9 dotace.\u00a0<a href=\"http:\/\/www.trzniceny.cz\/?page_id=4272\">V\u00fd\u0161i vypl\u00e1cen\u00fdch zem\u011bd\u011blsk\u00fdch dotac\u00ed\u00a0naleznete zde.<\/a><\/span><\/p>\n<p style=\"text-align: justify;\"><span style=\"font-size: x-large;\">Pracujeme v Opav\u011b, Ostrav\u011b, Fr\u00fddku M\u00edstku, Nov\u00e9m Ji\u010d\u00edn\u011b, Hav\u00ed\u0159ov\u011b, T\u0159inci a dal\u0161\u00edch m\u011bstech Moravskoslezsk\u00e9ho kraje.<\/span><\/p>\n<p>&nbsp;<\/p>\n<p style=\"text-align: justify;\"><span style=\"font-size: x-large;\">\u00a0<\/span><\/p>\n\n\n<p><\/p>\n","protected":false},"excerpt":{"rendered":"<p>Telefon: 602 504 964 Ka\u017ed\u00e1 zahr\u00e1dka nebo sad\u00a0v pr\u016fb\u011bhu roku pot\u0159ebuje \u00fadr\u017ebu. Zbavujeme plochy plevele, prov\u00e1d\u00edme v\u00fdsadby okrasn\u00fdch i ovocn\u00fdch d\u0159evin. P\u0159i v\u00fdsadb\u011b odborn\u011b ovocn\u00fd stromek zasad\u00edme, zatlu\u010deme d\u0159ev\u011bnou oporu a oplot\u00edme oplocenkou proti okusu. Jsme schopni dodat ovocn\u00fd stromek dle Va\u0161ich po\u017eadavk\u016f, kter\u00fd respektuje i dan\u00e9 m\u00edsto, kde m\u00e1 b\u00fdt v\u00fdsadba provedena. Prov\u00e1d\u00edme odborn\u00fd &hellip;<br \/><a href=\"https:\/\/serviskomunalni.cz\/?page_id=29\" class=\"more-link pen_button pen_element_default pen_icon_arrow_double\">Pokra\u010dovat ve\u00a0\u010dten\u00ed <span class=\"screen-reader-text\">Zahradnick\u00e9 a sada\u0159sk\u00e9 pr\u00e1ce<\/span><\/a><\/p>\n","protected":false},"author":1,"featured_media":0,"parent":0,"menu_order":0,"comment_status":"closed","ping_status":"closed","template":"","meta":{"footnotes":""},"class_list":["post-29","page","type-page","status-publish","hentry"],"_links":{"self":[{"href":"https:\/\/serviskomunalni.cz\/index.php?rest_route=\/wp\/v2\/pages\/29","targetHints":{"allow":["GET"]}}],"collection":[{"href":"https:\/\/serviskomunalni.cz\/index.php?rest_route=\/wp\/v2\/pages"}],"about":[{"href":"https:\/\/serviskomunalni.cz\/index.php?rest_route=\/wp\/v2\/types\/page"}],"author":[{"embeddable":true,"href":"https:\/\/serviskomunalni.cz\/index.php?rest_route=\/wp\/v2\/users\/1"}],"replies":[{"embeddable":true,"href":"https:\/\/serviskomunalni.cz\/index.php?rest_route=%2Fwp%2Fv2%2Fcomments&post=29"}],"version-history":[{"count":24,"href":"https:\/\/serviskomunalni.cz\/index.php?rest_route=\/wp\/v2\/pages\/29\/revisions"}],"predecessor-version":[{"id":20689,"href":"https:\/\/serviskomunalni.cz\/index.php?rest_route=\/wp\/v2\/pages\/29\/revisions\/20689"}],"wp:attachment":[{"href":"https:\/\/serviskomunalni.cz\/index.php?rest_route=%2Fwp%2Fv2%2Fmedia&parent=29"}],"curies":[{"name":"wp","href":"https:\/\/api.w.org\/{rel}","templated":true}]}}