

{"id":2837,"date":"2020-05-01T17:57:32","date_gmt":"2020-05-01T16:57:32","guid":{"rendered":"http:\/\/serviskomunalni.cz\/?page_id=2837"},"modified":"2024-03-25T21:04:13","modified_gmt":"2024-03-25T20:04:13","slug":"ocenovani-nemovitosti","status":"publish","type":"page","link":"https:\/\/serviskomunalni.cz\/?page_id=2837","title":{"rendered":"Oce\u0148ov\u00e1n\u00ed nemovitost\u00ed"},"content":{"rendered":"\n<p class=\"has-medium-font-size\">Zaob\u00edr\u00e1me se tr\u017en\u00edm oce\u0148ov\u00e1n\u00edm nemovitost\u00ed. Vypracujeme tr\u017en\u00ed odhad pro bytovou jednotku, bytov\u00fd d\u016fm, stavebn\u00ed pozemek, zem\u011bd\u011blsk\u00fd pozemek, gar\u00e1\u017e, rodinn\u00fd d\u016fm, rekrea\u010dn\u00ed chatu a chalupu, komer\u010dn\u00ed nemovitost a dal\u0161\u00ed.<\/p>\n\n\n\n<p class=\"has-medium-font-size\">Zdarma provedeme okam\u017eit\u00e9 orienta\u010dn\u00ed ocen\u011bn\u00ed Va\u0161\u00ed nemovitosti.<\/p>\n\n\n\n<p class=\"has-medium-font-size\">Tr\u017en\u00ed ocen\u011bn\u00ed se prov\u00e1d\u00ed zejm\u00e9na pro \u00fa\u010dely d\u011bdick\u00e9ho \u0159\u00edzen\u00ed, vypo\u0159\u00e1d\u00e1n\u00ed SJM. D\u00e1le jeho v\u00fdsledkem je tr\u017en\u00ed hodnota jako kl\u00ed\u010dov\u00e1 informace pro vyjedn\u00e1v\u00e1n\u00ed o prodeji nemovitosti, p\u0159\u00edpadn\u011b jako kl\u00ed\u010dov\u00e1 informace pro vyjedn\u00e1v\u00e1n\u00ed o koupi nemovitosti. Tr\u017en\u00ed oce\u0148ov\u00e1n\u00ed se tak\u00e9 vyu\u017e\u00edv\u00e1 pro stanoven\u00ed v\u00fd\u0161e hypote\u010dn\u00edho \u00fav\u011bru.<\/p>\n\n\n\n<p class=\"has-medium-font-size\">Cena bude sjedn\u00e1na podle konkr\u00e9tn\u00ed situace.<\/p>\n\n\n\n<p class=\"has-medium-font-size\"><\/p>\n","protected":false},"excerpt":{"rendered":"<p>Zaob\u00edr\u00e1me se tr\u017en\u00edm oce\u0148ov\u00e1n\u00edm nemovitost\u00ed. Vypracujeme tr\u017en\u00ed odhad pro bytovou jednotku, bytov\u00fd d\u016fm, stavebn\u00ed pozemek, zem\u011bd\u011blsk\u00fd pozemek, gar\u00e1\u017e, rodinn\u00fd d\u016fm, rekrea\u010dn\u00ed chatu a chalupu, komer\u010dn\u00ed nemovitost a dal\u0161\u00ed. Zdarma provedeme okam\u017eit\u00e9 orienta\u010dn\u00ed ocen\u011bn\u00ed Va\u0161\u00ed nemovitosti. Tr\u017en\u00ed ocen\u011bn\u00ed se prov\u00e1d\u00ed zejm\u00e9na pro \u00fa\u010dely d\u011bdick\u00e9ho \u0159\u00edzen\u00ed, vypo\u0159\u00e1d\u00e1n\u00ed SJM. D\u00e1le jeho v\u00fdsledkem je tr\u017en\u00ed hodnota jako kl\u00ed\u010dov\u00e1 informace &hellip;<br \/><a href=\"https:\/\/serviskomunalni.cz\/?page_id=2837\" class=\"more-link pen_button pen_element_default pen_icon_arrow_double\">Pokra\u010dovat ve\u00a0\u010dten\u00ed <span class=\"screen-reader-text\">Oce\u0148ov\u00e1n\u00ed nemovitost\u00ed<\/span><\/a><\/p>\n","protected":false},"author":1,"featured_media":0,"parent":0,"menu_order":0,"comment_status":"closed","ping_status":"closed","template":"","meta":{"footnotes":""},"class_list":["post-2837","page","type-page","status-publish","hentry"],"_links":{"self":[{"href":"https:\/\/serviskomunalni.cz\/index.php?rest_route=\/wp\/v2\/pages\/2837","targetHints":{"allow":["GET"]}}],"collection":[{"href":"https:\/\/serviskomunalni.cz\/index.php?rest_route=\/wp\/v2\/pages"}],"about":[{"href":"https:\/\/serviskomunalni.cz\/index.php?rest_route=\/wp\/v2\/types\/page"}],"author":[{"embeddable":true,"href":"https:\/\/serviskomunalni.cz\/index.php?rest_route=\/wp\/v2\/users\/1"}],"replies":[{"embeddable":true,"href":"https:\/\/serviskomunalni.cz\/index.php?rest_route=%2Fwp%2Fv2%2Fcomments&post=2837"}],"version-history":[{"count":4,"href":"https:\/\/serviskomunalni.cz\/index.php?rest_route=\/wp\/v2\/pages\/2837\/revisions"}],"predecessor-version":[{"id":16700,"href":"https:\/\/serviskomunalni.cz\/index.php?rest_route=\/wp\/v2\/pages\/2837\/revisions\/16700"}],"wp:attachment":[{"href":"https:\/\/serviskomunalni.cz\/index.php?rest_route=%2Fwp%2Fv2%2Fmedia&parent=2837"}],"curies":[{"name":"wp","href":"https:\/\/api.w.org\/{rel}","templated":true}]}}