

{"id":2777,"date":"2020-05-01T14:53:03","date_gmt":"2020-05-01T13:53:03","guid":{"rendered":"http:\/\/serviskomunalni.cz\/?page_id=2777"},"modified":"2021-01-07T14:08:50","modified_gmt":"2021-01-07T13:08:50","slug":"prodej-komposteru","status":"publish","type":"page","link":"https:\/\/serviskomunalni.cz\/?page_id=2777","title":{"rendered":"Kompost\u00e9r"},"content":{"rendered":"\n<p class=\"has-large-font-size\"><strong>Telefon: 602 504 964<\/strong><\/p>\n\n\n\n<p class=\"has-medium-font-size\">Nab\u00edz\u00edme d\u0159ev\u011bn\u00fd robustn\u00ed zahradn\u00ed kompost\u00e9r vyroben\u00fd z odoln\u00e9ho d\u0159eva (nikoliv z m\u011bkk\u00e9ho smrkov\u00e9ho d\u0159eva), v roz\u00edch zes\u00edlen\u00fd dv\u011bma masivn\u00edmi d\u0159ev\u011bn\u00fdmi hranoly. Kompost\u00e9r je standardn\u00ed konstrukce. Mezi d\u0159ev\u011bn\u00fdmi prkny jsou mezery pro zaji\u0161t\u011bn\u00ed rychl\u00e9ho provzdu\u0161n\u011bn\u00ed kompostovan\u00e9ho materi\u00e1lu. Kompost\u00e9r je ur\u010den do venkovn\u00edch zahrad. <\/p>\n\n\n\n<p class=\"has-medium-font-size\">Cen\u00edk: <\/p>\n\n\n\n<p class=\"has-medium-font-size\">Robust 3000 l&#8230;\u2026&#8230;\u2026.rozm\u011br:        1,4 x 1,4 x 1,5&#8230;\u2026\u2026 <strong>1999,-K\u010d<\/strong>   <\/p>\n\n\n\n<p class=\"has-medium-font-size\">Robust 2000 l&#8230;\u2026\u2026\u2026.rozm\u011br: 1,2 x 1,2 x 1,4&#8230;..\u2026. <strong>1749,-K\u010d<\/strong><\/p>\n\n\n\n<p class=\"has-medium-font-size\">Robust 1000 l&#8230;\u2026\u2026\u2026.rozm\u011br: 1,0 x 1,0 x 1,0&#8230;&#8230;\u2026.<strong>1499,-K\u010d      <\/strong>        <\/p>\n\n\n\n<p class=\"has-medium-font-size\">Robust variabiln\u00ed:           vyrob\u00edme pro V\u00e1s kompost\u00e9r podle Va\u0161ich po\u017eadavk\u016f <\/p>\n\n\n\n<p class=\"has-medium-font-size\">Kompost\u00e9r V\u00e1m v Moravskoslezsk\u00e9m kraji <strong>zdarma<\/strong> p\u0159ivezeme a nainstalujeme. V ostatn\u00edch kraj\u00edch dopravu zajist\u00edme dle domluvy.<\/p>\n\n\n\n<p class=\"has-medium-font-size\">Objedn\u00e1vky: objedn\u00e1vky na tel: <strong>602504964<\/strong>, p\u0159\u00edpadn\u011b mail: <strong>komunalniservis@email.cz<\/strong><\/p>\n\n\n\n<p class=\"has-medium-font-size\"><strong>Kompost\u00e9r  Robust 3000 l<\/strong><\/p>\n\n\n\n<div class=\"wp-block-image\"><figure class=\"aligncenter\"><img loading=\"lazy\" decoding=\"async\" width=\"1000\" height=\"563\" src=\"https:\/\/serviskomunalni.cz\/wp-content\/uploads\/2020\/05\/kompo1.jpg\" alt=\"\" class=\"wp-image-2778\" srcset=\"https:\/\/serviskomunalni.cz\/wp-content\/uploads\/2020\/05\/kompo1.jpg 1000w, https:\/\/serviskomunalni.cz\/wp-content\/uploads\/2020\/05\/kompo1-300x169.jpg 300w, https:\/\/serviskomunalni.cz\/wp-content\/uploads\/2020\/05\/kompo1-768x432.jpg 768w\" sizes=\"auto, (max-width: 1000px) 100vw, 1000px\" \/><\/figure><\/div>\n\n\n\n<div class=\"wp-block-image\"><figure class=\"aligncenter\"><img loading=\"lazy\" decoding=\"async\" width=\"1000\" height=\"563\" src=\"https:\/\/serviskomunalni.cz\/wp-content\/uploads\/2020\/05\/Kompo8.jpg\" alt=\"\" class=\"wp-image-2789\" srcset=\"https:\/\/serviskomunalni.cz\/wp-content\/uploads\/2020\/05\/Kompo8.jpg 1000w, https:\/\/serviskomunalni.cz\/wp-content\/uploads\/2020\/05\/Kompo8-300x169.jpg 300w, https:\/\/serviskomunalni.cz\/wp-content\/uploads\/2020\/05\/Kompo8-768x432.jpg 768w\" sizes=\"auto, (max-width: 1000px) 100vw, 1000px\" \/><\/figure><\/div>\n\n\n\n<div class=\"wp-block-image\"><figure class=\"aligncenter\"><img loading=\"lazy\" decoding=\"async\" width=\"1000\" height=\"563\" src=\"https:\/\/serviskomunalni.cz\/wp-content\/uploads\/2020\/05\/kompo4.jpg\" alt=\"\" class=\"wp-image-2781\" srcset=\"https:\/\/serviskomunalni.cz\/wp-content\/uploads\/2020\/05\/kompo4.jpg 1000w, https:\/\/serviskomunalni.cz\/wp-content\/uploads\/2020\/05\/kompo4-300x169.jpg 300w, https:\/\/serviskomunalni.cz\/wp-content\/uploads\/2020\/05\/kompo4-768x432.jpg 768w\" sizes=\"auto, (max-width: 1000px) 100vw, 1000px\" \/><\/figure><\/div>\n\n\n\n<div class=\"wp-block-image\"><figure class=\"aligncenter\"><img loading=\"lazy\" decoding=\"async\" width=\"1000\" height=\"563\" src=\"https:\/\/serviskomunalni.cz\/wp-content\/uploads\/2020\/05\/kompo3.jpg\" alt=\"\" class=\"wp-image-2780\" srcset=\"https:\/\/serviskomunalni.cz\/wp-content\/uploads\/2020\/05\/kompo3.jpg 1000w, https:\/\/serviskomunalni.cz\/wp-content\/uploads\/2020\/05\/kompo3-300x169.jpg 300w, https:\/\/serviskomunalni.cz\/wp-content\/uploads\/2020\/05\/kompo3-768x432.jpg 768w\" sizes=\"auto, (max-width: 1000px) 100vw, 1000px\" \/><\/figure><\/div>\n\n\n","protected":false},"excerpt":{"rendered":"<p>Telefon: 602 504 964 Nab\u00edz\u00edme d\u0159ev\u011bn\u00fd robustn\u00ed zahradn\u00ed kompost\u00e9r vyroben\u00fd z odoln\u00e9ho d\u0159eva (nikoliv z m\u011bkk\u00e9ho smrkov\u00e9ho d\u0159eva), v roz\u00edch zes\u00edlen\u00fd dv\u011bma masivn\u00edmi d\u0159ev\u011bn\u00fdmi hranoly. Kompost\u00e9r je standardn\u00ed konstrukce. Mezi d\u0159ev\u011bn\u00fdmi prkny jsou mezery pro zaji\u0161t\u011bn\u00ed rychl\u00e9ho provzdu\u0161n\u011bn\u00ed kompostovan\u00e9ho materi\u00e1lu. Kompost\u00e9r je ur\u010den do venkovn\u00edch zahrad. Cen\u00edk: Robust 3000 l&#8230;\u2026&#8230;\u2026.rozm\u011br: 1,4 x 1,4 x 1,5&#8230;\u2026\u2026 &hellip;<br \/><a href=\"https:\/\/serviskomunalni.cz\/?page_id=2777\" class=\"more-link pen_button pen_element_default pen_icon_arrow_double\">Pokra\u010dovat ve\u00a0\u010dten\u00ed <span class=\"screen-reader-text\">Kompost\u00e9r<\/span><\/a><\/p>\n","protected":false},"author":1,"featured_media":2780,"parent":0,"menu_order":0,"comment_status":"closed","ping_status":"closed","template":"","meta":{"footnotes":""},"class_list":["post-2777","page","type-page","status-publish","has-post-thumbnail","hentry"],"_links":{"self":[{"href":"https:\/\/serviskomunalni.cz\/index.php?rest_route=\/wp\/v2\/pages\/2777","targetHints":{"allow":["GET"]}}],"collection":[{"href":"https:\/\/serviskomunalni.cz\/index.php?rest_route=\/wp\/v2\/pages"}],"about":[{"href":"https:\/\/serviskomunalni.cz\/index.php?rest_route=\/wp\/v2\/types\/page"}],"author":[{"embeddable":true,"href":"https:\/\/serviskomunalni.cz\/index.php?rest_route=\/wp\/v2\/users\/1"}],"replies":[{"embeddable":true,"href":"https:\/\/serviskomunalni.cz\/index.php?rest_route=%2Fwp%2Fv2%2Fcomments&post=2777"}],"version-history":[{"count":28,"href":"https:\/\/serviskomunalni.cz\/index.php?rest_route=\/wp\/v2\/pages\/2777\/revisions"}],"predecessor-version":[{"id":3264,"href":"https:\/\/serviskomunalni.cz\/index.php?rest_route=\/wp\/v2\/pages\/2777\/revisions\/3264"}],"wp:featuredmedia":[{"embeddable":true,"href":"https:\/\/serviskomunalni.cz\/index.php?rest_route=\/wp\/v2\/media\/2780"}],"wp:attachment":[{"href":"https:\/\/serviskomunalni.cz\/index.php?rest_route=%2Fwp%2Fv2%2Fmedia&parent=2777"}],"curies":[{"name":"wp","href":"https:\/\/api.w.org\/{rel}","templated":true}]}}