

{"id":25,"date":"2016-06-27T19:53:42","date_gmt":"2016-06-27T18:53:42","guid":{"rendered":"http:\/\/serviskomunalni.cz\/?page_id=25"},"modified":"2021-01-07T14:04:30","modified_gmt":"2021-01-07T13:04:30","slug":"vyrovnavani-terenu","status":"publish","type":"page","link":"https:\/\/serviskomunalni.cz\/?page_id=25","title":{"rendered":"Rotovace, vertikutace"},"content":{"rendered":"\n<p class=\"has-large-font-size\"><strong>Telefon: 602 504 964<\/strong><\/p>\n\n\n<p style=\"text-align: justify;\"><span style=\"font-size: x-large;\">M\u00e1te-li zahradu rozrytou od divo\u010d\u00e1k\u016f nebo chcete-li jenom anglick\u00fd tr\u00e1vn\u00edk, jsme schopni za pomoci <strong>rotov\u00e1toru<\/strong> na na\u0161ich malotraktorech rozb\u00edt drny a\u017e do hloubky <strong>20ti centimetr\u016f<\/strong>. Traktory nedostupn\u00e1 m\u00edsta, nap\u0159\u00edklad ve svahu, mezi stromy a podobn\u011b rekultivujeme rotov\u00e1tory men\u0161\u00edmi. Prov\u00e1d\u00edme tak\u00e9 <strong>vertikutaci<\/strong> tr\u00e1vn\u00edk\u016f, kter\u00e9 jsou prorostl\u00e9 mechcem.<br>\n<\/span><\/p>\n<p style=\"text-align: justify;\"><span style=\"font-size: x-large;\">Prov\u00e1d\u00edme tak\u00e9 <strong>\u00faklid zahrad<\/strong> a odvoz nepot\u0159ebn\u00e9ho materi\u00e1lu. Pro <strong>seniory&nbsp;<\/strong>poskytujeme slevy.<br>\n<\/span><\/p>\n<p style=\"text-align: justify;\"><span style=\"font-size: x-large;\">Nab\u00edz\u00edme tak\u00e9 mo\u017enost <strong>vyrovn\u00e1n\u00ed povrchu<\/strong> a zaset\u00ed nov\u00e9ho tr\u00e1vn\u00edku.<\/span><\/p>\n<p style=\"text-align: justify;\"><span style=\"font-size: x-large;\">Pracujeme v Opav\u011b, Ostrav\u011b, Fr\u00fddku M\u00edstku, Nov\u00e9m Ji\u010d\u00edn\u011b, Hav\u00ed\u0159ov\u011b, T\u0159inci a dal\u0161\u00edch m\u011bstech Moravskoslezsk\u00e9ho kraje.<\/span><\/p>\n<p><span style=\"font-size: x-large;\">Orienta\u010dn\u00ed cen\u00edk (po dohod\u011b a podle m\u00edstn\u00edch podm\u00ednek mohou b\u00fdt stanoveny ceny odchyln\u011b):<br>\n<\/span><\/p>\n<ul>\n<li><span style=\"font-size: x-large;\">Rotavace traktorem Kubota&#8230;&#8230;&#8230;&#8230;700,-K\u010d\/hod. <\/span><\/li>\n<li><span style=\"font-size: x-large;\">Vertikutace tr\u00e1vn\u00edk\u016f&#8230;&#8230;&#8230;&#8230;&#8230;&#8230;&#8230;&#8230;.450,-K\u010d\/hod.<\/span><\/li>\n<li><span style=\"font-size: x-large;\">Rotovace pojezd. rotov\u00e1torem&#8230;&#8230;.450,-K\u010d\/hod.<\/span><\/li>\n<li><span style=\"font-size: x-large;\">Vyrovn\u00e1n\u00ed povrchu ru\u010dn\u00ed&#8230;&#8230;&#8230;&#8230;&#8230;..250,-K\u010d\/hod.<\/span><\/li>\n<li><span style=\"font-size: x-large;\">V\u00fdsev tr\u00e1vn\u00edku&#8230;&#8230;&#8230;&#8230;&#8230;&#8230;&#8230;&#8230;&#8230;&#8230;&#8230;..250,-K\u010d\/hod.<\/span><\/li>\n<li><span style=\"font-size: x-large;\">\u00daklid zahrad&#8230;&#8230;&#8230;&#8230;&#8230;&#8230;&#8230;&#8230;&#8230;&#8230;&#8230;&#8230;..250,-K\u010d\/hod.<\/span><\/li>\n<li><span style=\"font-size: x-large;\">Doprava a odvoz materi\u00e1lu&#8230;&#8230;&#8230;&#8230;&#8230;..10,-K\u010d\/hod.<br>\n<\/span><\/li>\n<\/ul>\n<p>Ceny nezahrnuj\u00ed DPH<\/p>","protected":false},"excerpt":{"rendered":"<p>Telefon: 602 504 964 M\u00e1te-li zahradu rozrytou od divo\u010d\u00e1k\u016f nebo chcete-li jenom anglick\u00fd tr\u00e1vn\u00edk, jsme schopni za pomoci rotov\u00e1toru na na\u0161ich malotraktorech rozb\u00edt drny a\u017e do hloubky 20ti centimetr\u016f. Traktory nedostupn\u00e1 m\u00edsta, nap\u0159\u00edklad ve svahu, mezi stromy a podobn\u011b rekultivujeme rotov\u00e1tory men\u0161\u00edmi. Prov\u00e1d\u00edme tak\u00e9 vertikutaci tr\u00e1vn\u00edk\u016f, kter\u00e9 jsou prorostl\u00e9 mechcem. Prov\u00e1d\u00edme tak\u00e9 \u00faklid zahrad a &hellip;<br \/><a href=\"https:\/\/serviskomunalni.cz\/?page_id=25\" class=\"more-link pen_button pen_element_default pen_icon_arrow_double\">Pokra\u010dovat ve\u00a0\u010dten\u00ed <span class=\"screen-reader-text\">Rotovace, vertikutace<\/span><\/a><\/p>\n","protected":false},"author":1,"featured_media":0,"parent":0,"menu_order":0,"comment_status":"closed","ping_status":"closed","template":"","meta":{"footnotes":""},"class_list":["post-25","page","type-page","status-publish","hentry"],"_links":{"self":[{"href":"https:\/\/serviskomunalni.cz\/index.php?rest_route=\/wp\/v2\/pages\/25","targetHints":{"allow":["GET"]}}],"collection":[{"href":"https:\/\/serviskomunalni.cz\/index.php?rest_route=\/wp\/v2\/pages"}],"about":[{"href":"https:\/\/serviskomunalni.cz\/index.php?rest_route=\/wp\/v2\/types\/page"}],"author":[{"embeddable":true,"href":"https:\/\/serviskomunalni.cz\/index.php?rest_route=\/wp\/v2\/users\/1"}],"replies":[{"embeddable":true,"href":"https:\/\/serviskomunalni.cz\/index.php?rest_route=%2Fwp%2Fv2%2Fcomments&post=25"}],"version-history":[{"count":22,"href":"https:\/\/serviskomunalni.cz\/index.php?rest_route=\/wp\/v2\/pages\/25\/revisions"}],"predecessor-version":[{"id":3258,"href":"https:\/\/serviskomunalni.cz\/index.php?rest_route=\/wp\/v2\/pages\/25\/revisions\/3258"}],"wp:attachment":[{"href":"https:\/\/serviskomunalni.cz\/index.php?rest_route=%2Fwp%2Fv2%2Fmedia&parent=25"}],"curies":[{"name":"wp","href":"https:\/\/api.w.org\/{rel}","templated":true}]}}