

{"id":246,"date":"2016-12-28T15:16:28","date_gmt":"2016-12-28T14:16:28","guid":{"rendered":"http:\/\/serviskomunalni.cz\/?page_id=246"},"modified":"2021-01-07T14:06:37","modified_gmt":"2021-01-07T13:06:37","slug":"prodej-ovocneho-dreva","status":"publish","type":"page","link":"https:\/\/serviskomunalni.cz\/?page_id=246","title":{"rendered":"Prodej ovocn\u00e9ho d\u0159eva"},"content":{"rendered":"\n<p class=\"has-large-font-size\"><strong>Telefon: 602 504 964<\/strong><\/p>\n\n\n\n<figure class=\"wp-block-image\"><a href=\"https:\/\/serviskomunalni.cz\/?page_id=2777\"><img loading=\"lazy\" decoding=\"async\" width=\"586\" height=\"102\" src=\"https:\/\/serviskomunalni.cz\/wp-content\/uploads\/2020\/05\/Prodej-kompost\u00e9r\u016f.png\" alt=\"\" class=\"wp-image-2845\" srcset=\"https:\/\/serviskomunalni.cz\/wp-content\/uploads\/2020\/05\/Prodej-kompost\u00e9r\u016f.png 586w, https:\/\/serviskomunalni.cz\/wp-content\/uploads\/2020\/05\/Prodej-kompost\u00e9r\u016f-300x52.png 300w\" sizes=\"auto, (max-width: 586px) 100vw, 586px\" \/><\/a><\/figure>\n\n\n<p style=\"text-align: center;\">&nbsp;<\/p>\n<p style=\"text-align: justify;\"><a href=\"https:\/\/serviskomunalni.cz\/wp-content\/uploads\/2017\/11\/ovocn\u00e9-d\u0159evo.png\"><img loading=\"lazy\" decoding=\"async\" class=\"alignnone size-full wp-image-322\" src=\"https:\/\/serviskomunalni.cz\/wp-content\/uploads\/2017\/11\/ovocn\u00e9-d\u0159evo.png\" alt=\"ovocn\u00e9 d\u0159evo\" width=\"969\" height=\"258\" srcset=\"https:\/\/serviskomunalni.cz\/wp-content\/uploads\/2017\/11\/ovocn\u00e9-d\u0159evo.png 969w, https:\/\/serviskomunalni.cz\/wp-content\/uploads\/2017\/11\/ovocn\u00e9-d\u0159evo-300x80.png 300w, https:\/\/serviskomunalni.cz\/wp-content\/uploads\/2017\/11\/ovocn\u00e9-d\u0159evo-768x204.png 768w\" sizes=\"auto, (max-width: 969px) 100vw, 969px\" \/><\/a><\/p>\n<p style=\"text-align: justify;\"><big><span style=\"font-size: x-large;\">Prodej ovocn\u00e9ho d\u0159eva:&nbsp; vhodn\u00e9ho na grilov\u00e1n\u00ed a uzen\u00ed<br><\/span><\/big><\/p>\n<p style=\"text-align: justify;\"><big><span style=\"font-size: x-large;\">&nbsp;&nbsp;&nbsp;&nbsp;&nbsp;&nbsp;&nbsp;&nbsp;&nbsp;&nbsp;&nbsp;&nbsp;&nbsp;&nbsp;&nbsp;&nbsp;&nbsp;&nbsp;&nbsp;&nbsp;&nbsp;&nbsp;&nbsp;&nbsp;&nbsp;&nbsp;&nbsp;&nbsp;&nbsp;&nbsp;&nbsp;&nbsp;&nbsp;&nbsp;&nbsp;&nbsp;&nbsp;&nbsp;&nbsp;&nbsp;&nbsp;&nbsp;&nbsp;&nbsp; vhodn\u00e9ho k \u0159ezb\u00e1\u0159sk\u00fdm a \u00fa\u010del\u016fm<\/span><\/big><\/p>\n<p style=\"text-align: justify;\"><a href=\"https:\/\/serviskomunalni.cz\/?page_id=631\"><big><span style=\"font-size: x-large;\">Nab\u00edz\u00edme mo\u017enost inzerce d\u0159eva na t\u011bchto str\u00e1nk\u00e1ch &#8211; INZERCE<\/span><\/big><\/a><\/p>\n<p style=\"text-align: justify;\"><big><span style=\"font-size: x-large;\">Nab\u00edz\u00edme prodej ovocn\u00e9ho d\u0159eva vhodn\u00e9ho <strong>ke grilov\u00e1n\u00ed a uzen\u00ed<\/strong>. D\u0159evo je&nbsp;vyschl\u00e9 a \u0161t\u00edpan\u00e9 na \u010dtvrtky. Dod\u00e1v\u00e1me vo\u0148av\u00e9 d\u0159evo do vyhl\u00e1\u0161en\u00fdch restaurac\u00ed. Poznejte i Vy jedine\u010dnou chu\u0165 grilovan\u00e9ho masa d\u00edky na\u0161emu ovocn\u00e9mu d\u0159evu. Ovocn\u00e9 d\u0159evo dod\u00e1v\u00e1me v men\u0161\u00edm mno\u017estv\u00ed v p\u0159epravk\u00e1ch (po cca 20Kg), p\u0159\u00edpadn\u011b ve v\u011bt\u0161\u00edm mno\u017estv\u00ed ve skl\u00e1dan\u00fdch m3.<\/span><\/big><\/p>\n<p style=\"text-align: justify;\"><big><span style=\"font-size: x-large;\">Cena za p\u0159epravku (cca 20Kg):<\/span><\/big><\/p>\n<ul>\n<li style=\"list-style-type: none;\">\n<ul>\n<li style=\"text-align: justify;\"><big><span style=\"font-size: x-large;\">T\u0159e\u0161e\u0148&#8230;&#8230;&#8230;&#8230;&#8230;&#8230;&#8230;&#8230;&#8230;&#8230;160,-K\u010d<\/span><\/big><\/li>\n<\/ul>\n<\/li>\n<\/ul>\n<p><\/p>\n<ul>\n<li style=\"list-style-type: none;\">\n<ul>\n<li style=\"text-align: justify;\"><big><span style=\"font-size: x-large;\">\u0160vestka&#8230;&#8230;&#8230;&#8230;&#8230;&#8230;&#8230;&#8230;&#8230;..199,-K\u010d<\/span><\/big><\/li>\n<\/ul>\n<\/li>\n<\/ul>\n<p><\/p>\n<ul>\n<li style=\"list-style-type: none;\">\n<ul>\n<li style=\"text-align: justify;\"><big><span style=\"font-size: x-large;\">Jablo\u0148&#8230;&#8230;&#8230;&#8230;&#8230;&#8230;&#8230;&#8230;&#8230;&#8230;.160,-K\u010d<\/span><\/big><\/li>\n<\/ul>\n<\/li>\n<\/ul>\n<p><\/p>\n<ul>\n<li style=\"text-align: justify;\"><big><span style=\"font-size: x-large;\">Hru\u0161e\u0148&#8230;&#8230;&#8230;&#8230;&#8230;&#8230;&#8230;&#8230;&#8230;..160,-K\u010d<\/span><\/big><\/li>\n<\/ul>\n<p style=\"text-align: justify;\"><big><span style=\"font-size: x-large;\">Cena za 1m3 skl\u00e1dan\u00e9ho&nbsp;(nikoliv&nbsp; voln\u011b sypan\u00e9ho) d\u0159eva:<\/span><\/big><\/p>\n<ul>\n<li style=\"list-style-type: none;\">\n<ul>\n<li style=\"text-align: justify;\"><big><span style=\"font-size: x-large;\">T\u0159e\u0161e\u0148\u2026\u2026\u2026\u2026\u2026\u2026\u2026\u2026&#8230;..2150,-K\u010d.<\/span><\/big><\/li>\n<\/ul>\n<\/li>\n<\/ul>\n<p><\/p>\n<ul>\n<li style=\"list-style-type: none;\">\n<ul>\n<li style=\"text-align: justify;\"><big><span style=\"font-size: x-large;\">O\u0159ech vla\u0161sk\u00fd&#8230;.\u2026\u2026\u2026\u2026.1900,-K\u010d.<\/span><\/big><\/li>\n<\/ul>\n<\/li>\n<\/ul>\n<p><\/p>\n<ul>\n<li style=\"list-style-type: none;\">\n<ul>\n<li style=\"text-align: justify;\"><big><span style=\"font-size: x-large;\">\u0160vestka..\u2026\u2026\u2026\u2026\u2026\u2026\u2026&#8230;. 2400,-K\u010d.<\/span><\/big><\/li>\n<\/ul>\n<\/li>\n<\/ul>\n<p><\/p>\n<ul>\n<li style=\"list-style-type: none;\">\n<ul>\n<li style=\"text-align: justify;\"><big><span style=\"font-size: x-large;\">Jablo\u0148&#8230;.\u2026\u2026\u2026\u2026\u2026\u2026\u2026&#8230;&#8230;2200,-K\u010d.<\/span><\/big><\/li>\n<\/ul>\n<\/li>\n<\/ul>\n<p><\/p>\n<ul>\n<li style=\"text-align: justify;\"><big><span style=\"font-size: x-large;\">Hru\u0161e\u0148\u2026\u2026\u2026\u2026\u2026\u2026\u2026\u2026&#8230;..2200,-K\u010d.<\/span><\/big><\/li>\n<\/ul>\n<p style=\"text-align: justify;\"><big><span style=\"font-size: x-large;\">K <strong>\u0159ezb\u00e1\u0159sk\u00fdm \u00fa\u010del\u016fm<\/strong> nab\u00edz\u00edme \u010d\u00e1sti kmen\u016f, p\u0159\u00edpadn\u011b cel\u00e9 kmeny r\u016fzn\u00fdch druh\u016f ovocn\u00fdch strom\u016f. Cena bude domluven\u00e1 dle konkr\u00e9tn\u00ed situace.<br><\/span><\/big><\/p>\n<p style=\"text-align: justify;\"><a href=\"https:\/\/serviskomunalni.cz\/wp-content\/uploads\/2018\/03\/Jablo\u0148.jpg\"><img loading=\"lazy\" decoding=\"async\" class=\"alignnone size-full wp-image-1160\" src=\"https:\/\/serviskomunalni.cz\/wp-content\/uploads\/2018\/03\/Jablo\u0148.jpg\" alt=\"Jablo\u0148\" width=\"868\" height=\"651\" srcset=\"https:\/\/serviskomunalni.cz\/wp-content\/uploads\/2018\/03\/Jablo\u0148.jpg 868w, https:\/\/serviskomunalni.cz\/wp-content\/uploads\/2018\/03\/Jablo\u0148-300x225.jpg 300w, https:\/\/serviskomunalni.cz\/wp-content\/uploads\/2018\/03\/Jablo\u0148-768x576.jpg 768w\" sizes=\"auto, (max-width: 868px) 100vw, 868px\" \/><\/a><\/p>\n<p style=\"text-align: justify;\"><big><span style=\"font-size: x-large;\">Krom\u011b ovocn\u00e9ho d\u0159eva d\u00e1le nab\u00edz\u00edme prodej d\u0159eva smrkov\u00e9ho za 800,-K\u010d za sypan\u00fd kubick\u00fd metr na<strong> palivo<\/strong>.<\/span><\/big><\/p>\n<p><\/p>\n<p><\/p>","protected":false},"excerpt":{"rendered":"<p>Telefon: 602 504 964 &nbsp; Prodej ovocn\u00e9ho d\u0159eva:&nbsp; vhodn\u00e9ho na grilov\u00e1n\u00ed a uzen\u00ed &nbsp;&nbsp;&nbsp;&nbsp;&nbsp;&nbsp;&nbsp;&nbsp;&nbsp;&nbsp;&nbsp;&nbsp;&nbsp;&nbsp;&nbsp;&nbsp;&nbsp;&nbsp;&nbsp;&nbsp;&nbsp;&nbsp;&nbsp;&nbsp;&nbsp;&nbsp;&nbsp;&nbsp;&nbsp;&nbsp;&nbsp;&nbsp;&nbsp;&nbsp;&nbsp;&nbsp;&nbsp;&nbsp;&nbsp;&nbsp;&nbsp;&nbsp;&nbsp;&nbsp; vhodn\u00e9ho k \u0159ezb\u00e1\u0159sk\u00fdm a \u00fa\u010del\u016fm Nab\u00edz\u00edme mo\u017enost inzerce d\u0159eva na t\u011bchto str\u00e1nk\u00e1ch &#8211; INZERCE Nab\u00edz\u00edme prodej ovocn\u00e9ho d\u0159eva vhodn\u00e9ho ke grilov\u00e1n\u00ed a uzen\u00ed. D\u0159evo je&nbsp;vyschl\u00e9 a \u0161t\u00edpan\u00e9 na \u010dtvrtky. Dod\u00e1v\u00e1me vo\u0148av\u00e9 d\u0159evo do vyhl\u00e1\u0161en\u00fdch restaurac\u00ed. Poznejte i Vy jedine\u010dnou chu\u0165 grilovan\u00e9ho &hellip;<br \/><a href=\"https:\/\/serviskomunalni.cz\/?page_id=246\" class=\"more-link pen_button pen_element_default pen_icon_arrow_double\">Pokra\u010dovat ve\u00a0\u010dten\u00ed <span class=\"screen-reader-text\">Prodej ovocn\u00e9ho d\u0159eva<\/span><\/a><\/p>\n","protected":false},"author":1,"featured_media":0,"parent":0,"menu_order":0,"comment_status":"closed","ping_status":"closed","template":"","meta":{"footnotes":""},"class_list":["post-246","page","type-page","status-publish","hentry"],"_links":{"self":[{"href":"https:\/\/serviskomunalni.cz\/index.php?rest_route=\/wp\/v2\/pages\/246","targetHints":{"allow":["GET"]}}],"collection":[{"href":"https:\/\/serviskomunalni.cz\/index.php?rest_route=\/wp\/v2\/pages"}],"about":[{"href":"https:\/\/serviskomunalni.cz\/index.php?rest_route=\/wp\/v2\/types\/page"}],"author":[{"embeddable":true,"href":"https:\/\/serviskomunalni.cz\/index.php?rest_route=\/wp\/v2\/users\/1"}],"replies":[{"embeddable":true,"href":"https:\/\/serviskomunalni.cz\/index.php?rest_route=%2Fwp%2Fv2%2Fcomments&post=246"}],"version-history":[{"count":41,"href":"https:\/\/serviskomunalni.cz\/index.php?rest_route=\/wp\/v2\/pages\/246\/revisions"}],"predecessor-version":[{"id":3261,"href":"https:\/\/serviskomunalni.cz\/index.php?rest_route=\/wp\/v2\/pages\/246\/revisions\/3261"}],"wp:attachment":[{"href":"https:\/\/serviskomunalni.cz\/index.php?rest_route=%2Fwp%2Fv2%2Fmedia&parent=246"}],"curies":[{"name":"wp","href":"https:\/\/api.w.org\/{rel}","templated":true}]}}