

{"id":18,"date":"2016-06-27T08:42:38","date_gmt":"2016-06-27T07:42:38","guid":{"rendered":"http:\/\/serviskomunalni.cz\/?page_id=18"},"modified":"2021-01-07T14:07:13","modified_gmt":"2021-01-07T13:07:13","slug":"lesnicke-prace","status":"publish","type":"page","link":"https:\/\/serviskomunalni.cz\/?page_id=18","title":{"rendered":"Lesnick\u00e9 pr\u00e1ce"},"content":{"rendered":"\n<p class=\"has-large-font-size\"><strong>Telefon: 602 504 964<\/strong><\/p>\n\n\n<p style=\"text-align: justify;\"><span style=\"font-size: x-large;\">M\u00e1me zku\u0161enosti se zales\u0148ov\u00e1n\u00edm a p\u011bstebn\u00edmi pracemi. Na\u0161im z\u00e1kazn\u00edk\u016fm jsme schopni nab\u00eddnout zales\u0148ov\u00e1n\u00ed ploch, \u00faklid ploch od klestu, dot\u011b\u017eov\u00e1n\u00ed porostu a prov\u00e1d\u011bn\u00ed pro\u0159ez\u00e1vek. Zab\u00fdv\u00e1me se tak\u00e9 arboristikou. D\u00e1le prov\u00e1d\u00edme i v\u00fdstavbu oplocenek.<\/span><\/p>\n<p style=\"text-align: justify;\"><span style=\"font-size: x-large;\">Pracujeme v Opav\u011b, Ostrav\u011b, Fr\u00fddku M\u00edstku, Nov\u00e9m Ji\u010d\u00edn\u011b, Hav\u00ed\u0159ov\u011b, T\u0159inci a dal\u0161\u00edch m\u011bstech Moravskoslezsk\u00e9ho kraje.<\/span><\/p>\n<p style=\"text-align: justify;\"><span style=\"font-size: x-large;\">Fotografickou galerii z na\u0161ich zak\u00e1zek naleznete <a href=\"https:\/\/serviskomunalni.cz\/?page_id=82\">zde<\/a>.<\/span><\/p>\n<p style=\"text-align: justify;\"><big><span style=\"font-size: x-large;\">Orienta\u010dn\u00ed cen\u00edk prac\u00ed&nbsp;(po dohod\u011b a podle m\u00edstn\u00edch podm\u00ednek mohou b\u00fdt stanoveny ceny odchyln\u011b):<\/span><\/big><\/p>\n<ul>\n<li><big><span style=\"font-size: x-large;\">ru\u010dn\u00ed pr\u00e1ce&#8230;&#8230;&#8230;&#8230;&#8230;&#8230;&#8230;&#8230;.\u2026\u2026\u2026\u2026\u2026\u2026\u2026\u2026\u2026.250,-K\u010d\/hod.<\/span><\/big><\/li>\n<li><big><span style=\"font-size: x-large;\">pr\u00e1ce s k\u0159ovino\u0159ezem\u2026\u2026\u2026\u2026\u2026\u2026&#8230;\u2026\u2026\u2026..\u2026350,-K\u010d\/hod.<\/span><\/big><\/li>\n<li><big><span style=\"font-size: x-large;\">pr\u00e1ce s motorovou pilou&#8230;&#8230;&#8230;&#8230;&#8230;&#8230;&#8230;&#8230;&#8230;&#8230;350,-K\u010d\/hod.<\/span><\/big><\/li>\n<li><big><span style=\"font-size: x-large;\">pr\u00e1ce s malotraktorem Kubota\u2026\u2026\u2026\u2026&#8230;\u2026..od 500,-K\u010d\/hod.<\/span><\/big><\/li>\n<li><big><span style=\"font-size: x-large;\">s\u00e1zen\u00ed stromk\u016f&#8230;&#8230;&#8230;&#8230;&#8230;&#8230;&#8230;&#8230;&#8230;&#8230;&#8230;&#8230;&#8230;&#8230;&#8230;..4,-K\u010d\/stromek<\/span><\/big><\/li>\n<li><big><span style=\"font-size: x-large;\">doprava na m\u00edsto &#8230;&#8230;&#8230;\u2026\u2026\u2026\u2026\u2026\u2026\u2026\u2026\u2026&#8230;..10,-K\u010d\/km.<\/span><\/big><\/li>\n<\/ul>\n<p style=\"text-align: justify;\"><span style=\"font-size: x-large;\">&nbsp;<\/span><\/p>\n<p>ceny jsou bez DPH<\/p>\n\n\n<p><\/p>\n","protected":false},"excerpt":{"rendered":"<p>Telefon: 602 504 964 M\u00e1me zku\u0161enosti se zales\u0148ov\u00e1n\u00edm a p\u011bstebn\u00edmi pracemi. Na\u0161im z\u00e1kazn\u00edk\u016fm jsme schopni nab\u00eddnout zales\u0148ov\u00e1n\u00ed ploch, \u00faklid ploch od klestu, dot\u011b\u017eov\u00e1n\u00ed porostu a prov\u00e1d\u011bn\u00ed pro\u0159ez\u00e1vek. Zab\u00fdv\u00e1me se tak\u00e9 arboristikou. D\u00e1le prov\u00e1d\u00edme i v\u00fdstavbu oplocenek. Pracujeme v Opav\u011b, Ostrav\u011b, Fr\u00fddku M\u00edstku, Nov\u00e9m Ji\u010d\u00edn\u011b, Hav\u00ed\u0159ov\u011b, T\u0159inci a dal\u0161\u00edch m\u011bstech Moravskoslezsk\u00e9ho kraje. Fotografickou galerii z na\u0161ich &hellip;<br \/><a href=\"https:\/\/serviskomunalni.cz\/?page_id=18\" class=\"more-link pen_button pen_element_default pen_icon_arrow_double\">Pokra\u010dovat ve\u00a0\u010dten\u00ed <span class=\"screen-reader-text\">Lesnick\u00e9 pr\u00e1ce<\/span><\/a><\/p>\n","protected":false},"author":1,"featured_media":0,"parent":0,"menu_order":0,"comment_status":"closed","ping_status":"open","template":"","meta":{"footnotes":""},"class_list":["post-18","page","type-page","status-publish","hentry"],"_links":{"self":[{"href":"https:\/\/serviskomunalni.cz\/index.php?rest_route=\/wp\/v2\/pages\/18","targetHints":{"allow":["GET"]}}],"collection":[{"href":"https:\/\/serviskomunalni.cz\/index.php?rest_route=\/wp\/v2\/pages"}],"about":[{"href":"https:\/\/serviskomunalni.cz\/index.php?rest_route=\/wp\/v2\/types\/page"}],"author":[{"embeddable":true,"href":"https:\/\/serviskomunalni.cz\/index.php?rest_route=\/wp\/v2\/users\/1"}],"replies":[{"embeddable":true,"href":"https:\/\/serviskomunalni.cz\/index.php?rest_route=%2Fwp%2Fv2%2Fcomments&post=18"}],"version-history":[{"count":22,"href":"https:\/\/serviskomunalni.cz\/index.php?rest_route=\/wp\/v2\/pages\/18\/revisions"}],"predecessor-version":[{"id":3262,"href":"https:\/\/serviskomunalni.cz\/index.php?rest_route=\/wp\/v2\/pages\/18\/revisions\/3262"}],"wp:attachment":[{"href":"https:\/\/serviskomunalni.cz\/index.php?rest_route=%2Fwp%2Fv2%2Fmedia&parent=18"}],"curies":[{"name":"wp","href":"https:\/\/api.w.org\/{rel}","templated":true}]}}