

{"id":1377,"date":"2019-12-22T09:13:47","date_gmt":"2019-12-22T08:13:47","guid":{"rendered":"http:\/\/serviskomunalni.cz\/?page_id=1377"},"modified":"2019-12-22T09:15:52","modified_gmt":"2019-12-22T08:15:52","slug":"stare-kuchynske-potreby","status":"publish","type":"page","link":"https:\/\/serviskomunalni.cz\/?page_id=1377","title":{"rendered":"Star\u00e9 kuchy\u0148sk\u00e9 pot\u0159eby"},"content":{"rendered":"\n<figure class=\"wp-block-image\"><img loading=\"lazy\" decoding=\"async\" width=\"1000\" height=\"563\" src=\"https:\/\/serviskomunalni.cz\/wp-content\/uploads\/2019\/12\/kuch-vaha20191212_153937.jpg\" alt=\"\" class=\"wp-image-1380\" srcset=\"https:\/\/serviskomunalni.cz\/wp-content\/uploads\/2019\/12\/kuch-vaha20191212_153937.jpg 1000w, https:\/\/serviskomunalni.cz\/wp-content\/uploads\/2019\/12\/kuch-vaha20191212_153937-300x169.jpg 300w, https:\/\/serviskomunalni.cz\/wp-content\/uploads\/2019\/12\/kuch-vaha20191212_153937-768x432.jpg 768w\" sizes=\"auto, (max-width: 1000px) 100vw, 1000px\" \/><figcaption>Prod\u00e1m starou kuchy\u0148skou v\u00e1hu. Tel: 602504964<\/figcaption><\/figure>\n\n\n\n<figure class=\"wp-block-image\"><img loading=\"lazy\" decoding=\"async\" width=\"1000\" height=\"563\" src=\"https:\/\/serviskomunalni.cz\/wp-content\/uploads\/2019\/12\/mlynek20191212_154154.jpg\" alt=\"\" class=\"wp-image-1382\" srcset=\"https:\/\/serviskomunalni.cz\/wp-content\/uploads\/2019\/12\/mlynek20191212_154154.jpg 1000w, https:\/\/serviskomunalni.cz\/wp-content\/uploads\/2019\/12\/mlynek20191212_154154-300x169.jpg 300w, https:\/\/serviskomunalni.cz\/wp-content\/uploads\/2019\/12\/mlynek20191212_154154-768x432.jpg 768w\" sizes=\"auto, (max-width: 1000px) 100vw, 1000px\" \/><figcaption>Prod\u00e1m star\u00fd ml\u00fdnek na kafe. Tel. 602504964<\/figcaption><\/figure>\n","protected":false},"excerpt":{"rendered":"","protected":false},"author":1,"featured_media":0,"parent":0,"menu_order":0,"comment_status":"closed","ping_status":"closed","template":"","meta":{"footnotes":""},"class_list":["post-1377","page","type-page","status-publish","hentry"],"_links":{"self":[{"href":"https:\/\/serviskomunalni.cz\/index.php?rest_route=\/wp\/v2\/pages\/1377","targetHints":{"allow":["GET"]}}],"collection":[{"href":"https:\/\/serviskomunalni.cz\/index.php?rest_route=\/wp\/v2\/pages"}],"about":[{"href":"https:\/\/serviskomunalni.cz\/index.php?rest_route=\/wp\/v2\/types\/page"}],"author":[{"embeddable":true,"href":"https:\/\/serviskomunalni.cz\/index.php?rest_route=\/wp\/v2\/users\/1"}],"replies":[{"embeddable":true,"href":"https:\/\/serviskomunalni.cz\/index.php?rest_route=%2Fwp%2Fv2%2Fcomments&post=1377"}],"version-history":[{"count":3,"href":"https:\/\/serviskomunalni.cz\/index.php?rest_route=\/wp\/v2\/pages\/1377\/revisions"}],"predecessor-version":[{"id":1383,"href":"https:\/\/serviskomunalni.cz\/index.php?rest_route=\/wp\/v2\/pages\/1377\/revisions\/1383"}],"wp:attachment":[{"href":"https:\/\/serviskomunalni.cz\/index.php?rest_route=%2Fwp%2Fv2%2Fmedia&parent=1377"}],"curies":[{"name":"wp","href":"https:\/\/api.w.org\/{rel}","templated":true}]}}