

{"id":1357,"date":"2019-12-22T08:46:36","date_gmt":"2019-12-22T07:46:36","guid":{"rendered":"http:\/\/serviskomunalni.cz\/?page_id=1357"},"modified":"2022-02-14T13:10:23","modified_gmt":"2022-02-14T12:10:23","slug":"inzerce-2","status":"publish","type":"page","link":"https:\/\/serviskomunalni.cz\/?page_id=1357","title":{"rendered":"INZERCE"},"content":{"rendered":"\n<p class=\"has-text-color has-vivid-red-color\"><strong>Inzerujte na inzertn\u00edch str\u00e1nk\u00e1ch komun\u00e1ln\u00edho servisu. Pi\u0161te na mailovou adresu:  komunalniservis@email.cz nebo volejte na tel. \u010d\u00edslo: 602504964<\/strong><\/p>\n\n\n\n<p class=\"has-large-font-size\"><a href=\"https:\/\/serviskomunalni.cz\/?page_id=246\">D\u0159evo na prodej<\/a><\/p>\n\n\n\n<p class=\"has-large-font-size\"><a href=\"https:\/\/serviskomunalni.cz\/?page_id=1423\">D\u011btsk\u00e1 v\u00fdbava<\/a><\/p>\n\n\n\n<p class=\"has-large-font-size\"><a href=\"https:\/\/serviskomunalni.cz\/?page_id=1389\">Elektronika<\/a><\/p>\n\n\n\n<p class=\"has-large-font-size\"><a href=\"https:\/\/serviskomunalni.cz\/?page_id=1407\">Gramodesky<\/a><\/p>\n\n\n\n<p class=\"has-large-font-size\"><a href=\"https:\/\/serviskomunalni.cz\/?page_id=3430\">Nemovitosti prodej<\/a><\/p>\n\n\n\n<p class=\"has-text-color has-large-font-size has-vivid-green-cyan-color\"><a href=\"https:\/\/serviskomunalni.cz\/?page_id=3842\">Nerez d\u0159ezy<\/a><\/p>\n\n\n\n<p class=\"has-large-font-size\"><a href=\"https:\/\/serviskomunalni.cz\/?page_id=3346\">Penetrace <\/a><\/p>\n\n\n\n<p style=\"text-align:left\" class=\"has-large-font-size\"><a href=\"https:\/\/serviskomunalni.cz\/?page_id=2616\">Pron\u00e1jem<\/a><\/p>\n\n\n\n<p class=\"has-large-font-size\"><a href=\"https:\/\/serviskomunalni.cz\/?page_id=1400\">Sakr\u00e1ln\u00ed pot\u0159eby<\/a><\/p>\n\n\n\n<p class=\"has-large-font-size\"><a href=\"https:\/\/serviskomunalni.cz\/?page_id=1364\">Star\u00e9 hra\u010dky<\/a><\/p>\n\n\n\n<p class=\"has-large-font-size\"><a href=\"https:\/\/serviskomunalni.cz\/?page_id=1377\">Star\u00e9 kuchy\u0148sk\u00e9 pot\u0159eby<\/a><\/p>\n\n\n\n<p class=\"has-text-color has-large-font-size has-vivid-green-cyan-color\"><a href=\"https:\/\/serviskomunalni.cz\/?page_id=3871\">Staro\u017eitnosti<\/a><\/p>\n\n\n\n<p class=\"has-text-color has-large-font-size has-vivid-green-cyan-color\"><a href=\"https:\/\/serviskomunalni.cz\/?page_id=3855\">Umyvadla<\/a><\/p>\n","protected":false},"excerpt":{"rendered":"<p>Inzerujte na inzertn\u00edch str\u00e1nk\u00e1ch komun\u00e1ln\u00edho servisu. Pi\u0161te na mailovou adresu: komunalniservis@email.cz nebo volejte na tel. \u010d\u00edslo: 602504964 D\u0159evo na prodej D\u011btsk\u00e1 v\u00fdbava Elektronika Gramodesky Nemovitosti prodej Nerez d\u0159ezy Penetrace Pron\u00e1jem Sakr\u00e1ln\u00ed pot\u0159eby Star\u00e9 hra\u010dky Star\u00e9 kuchy\u0148sk\u00e9 pot\u0159eby Staro\u017eitnosti Umyvadla<\/p>\n","protected":false},"author":1,"featured_media":0,"parent":0,"menu_order":0,"comment_status":"closed","ping_status":"closed","template":"","meta":{"footnotes":""},"class_list":["post-1357","page","type-page","status-publish","hentry"],"_links":{"self":[{"href":"https:\/\/serviskomunalni.cz\/index.php?rest_route=\/wp\/v2\/pages\/1357","targetHints":{"allow":["GET"]}}],"collection":[{"href":"https:\/\/serviskomunalni.cz\/index.php?rest_route=\/wp\/v2\/pages"}],"about":[{"href":"https:\/\/serviskomunalni.cz\/index.php?rest_route=\/wp\/v2\/types\/page"}],"author":[{"embeddable":true,"href":"https:\/\/serviskomunalni.cz\/index.php?rest_route=\/wp\/v2\/users\/1"}],"replies":[{"embeddable":true,"href":"https:\/\/serviskomunalni.cz\/index.php?rest_route=%2Fwp%2Fv2%2Fcomments&post=1357"}],"version-history":[{"count":42,"href":"https:\/\/serviskomunalni.cz\/index.php?rest_route=\/wp\/v2\/pages\/1357\/revisions"}],"predecessor-version":[{"id":3874,"href":"https:\/\/serviskomunalni.cz\/index.php?rest_route=\/wp\/v2\/pages\/1357\/revisions\/3874"}],"wp:attachment":[{"href":"https:\/\/serviskomunalni.cz\/index.php?rest_route=%2Fwp%2Fv2%2Fmedia&parent=1357"}],"curies":[{"name":"wp","href":"https:\/\/api.w.org\/{rel}","templated":true}]}}